{"id":235,"date":"2014-02-16T14:31:03","date_gmt":"2014-02-16T13:31:03","guid":{"rendered":"http:\/\/bkluftundklima.de\/?page_id=235"},"modified":"2020-12-05T18:50:37","modified_gmt":"2020-12-05T17:50:37","slug":"jobs","status":"publish","type":"page","link":"https:\/\/www.bkluftundklima.de\/?page_id=235","title":{"rendered":"Jobs"},"content":{"rendered":"<p style=\"text-align: right;\"><span style=\"color: #000000;\"><em><strong>Kapital l\u00e4sst sich beschaffen,<\/strong><\/em><\/span><br \/>\n<span style=\"color: #000000;\"><em><strong> Fabriken kann man bauen,<\/strong><\/em><\/span><br \/>\n<span style=\"color: #000000;\"><em><strong> Menschen muss man gewinnen.<\/strong><\/em><\/span><\/p>\n<p style=\"text-align: left;\">Zur Vervollst\u00e4ndigung unseres Teams suchen wir zum n\u00e4chstm\u00f6glichen Termin Anlagenmechaniker\/Servicetechniker L\u00fcftungstechnik\/Klimatechnik (m\/w\/d).<\/p>\n<p>Wir bieten Ihnen:<\/p>\n<ul>\n<li>Famili\u00e4re Atmosph\u00e4re<\/li>\n<li>Einsatzgebiet 50 KM-Umkreis vom Firmensitz<\/li>\n<li>Hochwertige technische Ausstattung<\/li>\n<li>Moderne Firmenfahrzeuge<\/li>\n<li>Betriebliche Altersvorsorge<\/li>\n<li>\u00dcberdurchschnittliche Bezahlung<\/li>\n<li>Erfolgsorientierte Sonderpr\u00e4mien<\/li>\n<li>Weiterbildungsm\u00f6glichkeiten<\/li>\n<\/ul>\n<p>Interesse geweckt? Dann freuen wir uns auf Ihre Bewerbung &#8211; per E-Mail info@bkluftundklima.de oder telefonisch 0152 56460183.<\/p>\n","protected":false},"excerpt":{"rendered":"<p>Kapital l\u00e4sst sich beschaffen, Fabriken kann man bauen, Menschen muss man gewinnen. Zur Vervollst\u00e4ndigung unseres Teams suchen wir zum n\u00e4chstm\u00f6glichen Termin Anlagenmechaniker\/Servicetechniker L\u00fcftungstechnik\/Klimatechnik (m\/w\/d). Wir bieten Ihnen: Famili\u00e4re Atmosph\u00e4re Einsatzgebiet 50 KM-Umkreis vom Firmensitz Hochwertige technische Ausstattung Moderne Firmenfahrzeuge Betriebliche Altersvorsorge \u00dcberdurchschnittliche Bezahlung Erfolgsorientierte Sonderpr\u00e4mien Weiterbildungsm\u00f6glichkeiten Interesse geweckt? Dann freuen wir uns auf Ihre Bewerbung &hellip;<br \/><a href=\"https:\/\/www.bkluftundklima.de\/?page_id=235\">Read more <span class=\"meta-nav\">&rarr;<\/span><\/a><\/p>\n","protected":false},"author":2,"featured_media":0,"parent":0,"menu_order":0,"comment_status":"closed","ping_status":"open","template":"","meta":{"footnotes":""},"class_list":["post-235","page","type-page","status-publish","hentry"],"_links":{"self":[{"href":"https:\/\/www.bkluftundklima.de\/index.php?rest_route=\/wp\/v2\/pages\/235","targetHints":{"allow":["GET"]}}],"collection":[{"href":"https:\/\/www.bkluftundklima.de\/index.php?rest_route=\/wp\/v2\/pages"}],"about":[{"href":"https:\/\/www.bkluftundklima.de\/index.php?rest_route=\/wp\/v2\/types\/page"}],"author":[{"embeddable":true,"href":"https:\/\/www.bkluftundklima.de\/index.php?rest_route=\/wp\/v2\/users\/2"}],"replies":[{"embeddable":true,"href":"https:\/\/www.bkluftundklima.de\/index.php?rest_route=%2Fwp%2Fv2%2Fcomments&post=235"}],"version-history":[{"count":7,"href":"https:\/\/www.bkluftundklima.de\/index.php?rest_route=\/wp\/v2\/pages\/235\/revisions"}],"predecessor-version":[{"id":499,"href":"https:\/\/www.bkluftundklima.de\/index.php?rest_route=\/wp\/v2\/pages\/235\/revisions\/499"}],"wp:attachment":[{"href":"https:\/\/www.bkluftundklima.de\/index.php?rest_route=%2Fwp%2Fv2%2Fmedia&parent=235"}],"curies":[{"name":"wp","href":"https:\/\/api.w.org\/{rel}","templated":true}]}}